{"id":4135,"date":"2021-02-16T00:36:18","date_gmt":"2021-02-16T00:36:18","guid":{"rendered":"http:\/\/stentor.hr\/kontakt\/"},"modified":"2024-05-27T08:50:53","modified_gmt":"2024-05-27T08:50:53","slug":"kontakt","status":"publish","type":"page","link":"https:\/\/stentor.hr\/sl\/kontakt\/","title":{"rendered":"Kontakt"},"content":{"rendered":"<div class=\"wpb-content-wrapper\">[vc_section full_width=&#8221;stretch_row&#8221; full_height=&#8221;yes&#8221; content_placement=&#8221;middle&#8221; pix_bg_grdient=&#8221;bg-gradient-primary&#8221; fade_in_opacity=&#8221;pix-opacity-1&#8243; pix_over_visibility=&#8221;&#8221; bottom_divider_select=&#8221;8&#8243; b_has_animation=&#8221;true&#8221; b_2_color=&#8221;rgba(255,255,255,0.3)&#8221; b_2_animation=&#8221;fade-in-up&#8221; b_3_color=&#8221;rgba(255,255,255,0.15)&#8221; b_3_animation=&#8221;fade-in-up&#8221; responsive_css=&#8221;{&#8220;pix_res_sm_pt&#8220;:&#8220;60&#8220;,&#8220;pix_res_md_pt&#8220;:&#8220;60&#8220;}&#8221; css=&#8221;.vc_custom_1713258047115{padding-top: 180px !important;}&#8221; fade_in_intro=&#8221;185&#8243; b_2_delay=&#8221;150&#8243; b_3_delay=&#8221;300&#8243;][vc_row full_width=&#8221;stretch_row&#8221; pix_particles_check=&#8221;&#8221;][vc_column]<div id=\"1613354029783-4cfc633b-3e33\" class=\"media  vc_custom_1634205717705\"><div class=\"mr-3 feature_img \"   style=\"position:relative;text-align:center;\"><i style=\"display:inline-block;font-size:30px;min-width:30px;line-height:30px;\" class=\"text-light-opacity-6 align-middle pixicon-lifebelt\"><\/i><\/div><div class=\"media-body\"><div class=\"font-weight-bold  secondary-font text-light-opacity-6  \" style=\"padding-top:3px;font-size:18px;\"  >I\u0161\u010dete kakovostne prevajalce?<\/div><div class=\"text-text-gray      \" style=\"\"  ><\/div><\/div><\/div><div  class=\"pix-heading-el text-left \"><div><div class=\"slide-in-container\"><h1 class=\"text-white font-weight-bold heading-text el-title_custom_color mb-12\" style=\"\" data-anim-type=\"\" data-anim-delay=\"0\">Po\u0161ljite povpra\u0161evanje<\/h1><\/div><\/div><\/div><div class=\"pix-el-text slide-in-container w-100   vc_custom_1634205736886\" ><div class=\"d-inline-block\" style=\"max-width:600px;\"><p class=\"text-20  text-light-opacity-6  \" >Potrebujete prevod \u0161e isti delovni dan? Ko va\u0161 urnik poka po \u0161ivih, vam ponujamo tudi storitve hitrega prevajanja.<\/p><\/div><\/div>[\/vc_column][\/vc_row][vc_row pix_particles_check=&#8221;&#8221; css=&#8221;.vc_custom_1613437372156{padding-top: 30px !important;}&#8221;][vc_column][vc_row_inner equal_height=&#8221;yes&#8221; content_placement=&#8221;middle&#8221;][vc_column_inner width=&#8221;1\/3&#8243;]<div class=\"pix-content-box card      vc_custom_1630314341467    rounded-10 shadow-lg shadow-hover-lg fly-sm bg- text-center  w-100  \"   ><div class=\"\" style=\"z-index:30;position:relative;\"><div id=\"duo-icon-139286973\" class=\"pix-icon text-center  vc_custom_1630314452368\"><div class=\"rounded-circle d-inline-block feature_img  bg-gradient-primary-light\"   style=\" width:108px;height:108px;position:relative;line-height:108px;text-align:center;\"><i style=\"display:inline-block;font-size:60px;line-height:60px;\" class=\"text-gradient-primary align-middle pixicon-support-1\"><\/i><\/div><\/div><div class=\"pix-el-text slide-in-container w-100   vc_custom_1634205762022\" ><div class=\"d-inline-block\" style=\"max-width:600px;\"><p class=\"text-20 m-0 text-heading-default  font-weight-bold secondary-font\" >Pokli\u010dite nas<\/p><\/div><\/div>[vc_column_text el_class=&#8221;contacts&#8221;]<a href=\"tel:+38513907360\">+385 (0)1 3907 360<\/a>[\/vc_column_text]<div class=\"pix-el-text slide-in-container w-100  \" ><div class=\"d-inline-block\" style=\"max-width:600px;\"><p class=\"text-sm  text-body-default  \" >Pendjeljak &#8211; Petak 9:00 &#8211; 17:00<\/p><\/div><\/div><\/div><\/div>[\/vc_column_inner][vc_column_inner width=&#8221;1\/3&#8243;]<div class=\"pix-content-box card      vc_custom_1630314367477    rounded-10 shadow-lg shadow-hover-lg fly-sm bg- text-center  w-100  \"   ><div class=\"\" style=\"z-index:30;position:relative;\"><div id=\"duo-icon-35120516\" class=\"pix-icon text-center  vc_custom_1630314459992\"><div class=\"rounded-circle d-inline-block feature_img  bg-gradient-primary-light\"   style=\" width:108px;height:108px;position:relative;line-height:108px;text-align:center;\"><i style=\"display:inline-block;font-size:60px;line-height:60px;\" class=\"text-gradient-primary align-middle pixicon-email-open-2\"><\/i><\/div><\/div><div class=\"pix-el-text slide-in-container w-100   vc_custom_1631784526126\" ><div class=\"d-inline-block\" style=\"max-width:600px;\"><p class=\"text-20 m-0 text-heading-default  font-weight-bold secondary-font\" >Pi\u0161ite nam<\/p><\/div><\/div>[vc_column_text el_class=&#8221;contacts&#8221;]<a href=\"mailto:info@stentor.hr\">info@stentor.hr<\/a>[\/vc_column_text]<div class=\"pix-el-text slide-in-container w-100  \" ><div class=\"d-inline-block\" style=\"max-width:600px;\"><p class=\"text-sm  text-body-default  \" >Odgovorili vam bomo v najkraj\u0161em mo\u017enem \u010dasu.<\/p><\/div><\/div><\/div><\/div>[\/vc_column_inner][vc_column_inner width=&#8221;1\/3&#8243;]<div class=\"pix-content-box card      vc_custom_1630314385783    rounded-10 shadow-lg shadow-hover-lg fly-sm bg- text-center  w-100  \"   ><div class=\"\" style=\"z-index:30;position:relative;\"><div id=\"duo-icon-128780902\" class=\"pix-icon text-center  vc_custom_1630314469618\"><div class=\"rounded-circle d-inline-block feature_img  bg-gradient-primary-light\"   style=\" width:108px;height:108px;position:relative;line-height:108px;text-align:center;\"><i style=\"display:inline-block;font-size:60px;line-height:60px;\" class=\"text-gradient-primary align-middle pixicon-timer\"><\/i><\/div><\/div><div class=\"pix-el-text slide-in-container w-100   vc_custom_1634205786477\" ><div class=\"d-inline-block\" style=\"max-width:600px;\"><p class=\"text-20 m-0 text-heading-default  font-weight-bold secondary-font\" >Delovni \u010das<\/p><\/div><\/div>[vc_column_text el_class=&#8221;contacts&#8221;]Ponedjeljak &#8211; Petak 9:00 &#8211; 17:00[\/vc_column_text]<div class=\"pix-el-text slide-in-container w-100  \" ><div class=\"d-inline-block\" style=\"max-width:600px;\"><p class=\"text-sm  text-body-default  \" >Obi\u0161\u010dite nas v pisarni<\/p><\/div><\/div><\/div><\/div>[\/vc_column_inner][\/vc_row_inner][\/vc_column][\/vc_row][\/vc_section][vc_section full_width=&#8221;stretch_row&#8221; content_placement=&#8221;middle&#8221; pix_over_visibility=&#8221;&#8221; top_divider_select=&#8221;8&#8243; top_layers=&#8221;1&#8243; responsive_css=&#8221;{&#8220;pix_res_sm_pt&#8220;:&#8220;20&#8220;,&#8220;pix_res_sm_pb&#8220;:&#8220;20&#8220;,&#8220;pix_res_md_pt&#8220;:&#8220;40&#8220;,&#8220;pix_res_md_pb&#8220;:&#8220;40&#8220;}&#8221; css=&#8221;.vc_custom_1613516262109{padding-top: 0px !important;padding-bottom: 120px !important;background-color: #ffffff !important;border-radius: 20px !important;}&#8221; el_id=&#8221;pix_section_about&#8221; section_name=&#8221;About&#8221;][vc_row pix_particles_check=&#8221;&#8221; css=&#8221;.vc_custom_1613516514552{padding-bottom: 60px !important;}&#8221;][vc_column]<div  class=\"pix-heading-el text-center \"><div><div class=\"slide-in-container\"><h2 class=\"text-gradient-primary font-weight-bold heading-text el-title_custom_color mb-12\" style=\"\" data-anim-type=\"\" data-anim-delay=\"0\">Po\u0161ljite povpra\u0161evanje<\/h2><\/div><\/div><\/div>[\/vc_column][\/vc_row][vc_row pix_particles_check=&#8221;&#8221;][vc_column width=&#8221;1\/2&#8243;][vc_column_text]<strong>Sede\u017e:\r\n<\/strong>Travni\u010dki put 12, HR-10430 Samobor\r\n\r\n<strong>Naslov pisarne:\r\n<\/strong>Ulica grada Vukovara 284, HR-10000 Zagreb\r\nPoslovni centar Almeria, objekt C, 3. kat\r\n\r\n<strong>T<\/strong>\u00a0+385 (0)1 3907 360\r\n<strong>T<\/strong>\u00a0+385 (0)1 3907 278\r\n<strong>T<\/strong>\u00a0+385 (0)1 5806 546\r\n<strong>F<\/strong>\u00a0+385 (0)1 3773 243\r\n<strong>M<\/strong>\u00a0+385 (0)98 464 426\r\n\r\n<strong>Prevodi<\/strong>\r\n<a href=\"mailto:info@stentor.hr\">info@stentor.hr<\/a>\r\n\r\n<strong>Prodaja in tr\u017eenje<\/strong>\r\n<a href=\"mailto:marketing@stentor.hr\">marketing@stentor.hr<\/a>\r\n+385 (0)99 3773 243\r\n\r\n<strong>Administracija<\/strong>\r\n<a href=\"mailto:administracija@stentor.hr\">administracija@stentor.hr<\/a>\r\n\r\n<strong>Splo\u0161ne informacije <\/strong>\r\n<a href=\"mailto:spomenka@stentor.hr\">spomenka@stentor.hr<\/a>[\/vc_column_text][\/vc_column][vc_column width=&#8221;1\/2&#8243;][vc_column_text]\n<div class=\"wpcf7 no-js\" id=\"wpcf7-f4138-o1\" lang=\"en-US\" dir=\"ltr\" data-wpcf7-id=\"4138\">\n<div class=\"screen-reader-response\"><p role=\"status\" aria-live=\"polite\" aria-atomic=\"true\"><\/p> <ul><\/ul><\/div>\n<form action=\"\/sl\/wp-json\/wp\/v2\/pages\/4135#wpcf7-f4138-o1\" method=\"post\" class=\"wpcf7-form init\" aria-label=\"Contact form\" novalidate=\"novalidate\" data-status=\"init\">\n<fieldset class=\"hidden-fields-container\"><input type=\"hidden\" name=\"_wpcf7\" value=\"4138\" \/><input type=\"hidden\" name=\"_wpcf7_version\" value=\"6.1.5\" \/><input type=\"hidden\" name=\"_wpcf7_locale\" value=\"en_US\" \/><input type=\"hidden\" name=\"_wpcf7_unit_tag\" value=\"wpcf7-f4138-o1\" \/><input type=\"hidden\" name=\"_wpcf7_container_post\" value=\"0\" \/><input type=\"hidden\" name=\"_wpcf7_posted_data_hash\" value=\"\" \/><input type=\"hidden\" name=\"_wpcf7_recaptcha_response\" value=\"\" \/>\n<\/fieldset>\n<div class=\"pix-contact7-form\"><p><label> Va\u0161e ime<br \/>\n<span class=\"wpcf7-form-control-wrap\" data-name=\"your-name\"><input size=\"40\" maxlength=\"400\" class=\"wpcf7-form-control wpcf7-text wpcf7-validates-as-required\" aria-required=\"true\" aria-invalid=\"false\" value=\"\" type=\"text\" name=\"your-name\" \/><\/span> <\/label>\n<\/p>\n<p><label> Va\u0161 e-naslov<br \/>\n<span class=\"wpcf7-form-control-wrap\" data-name=\"your-email\"><input size=\"40\" maxlength=\"400\" class=\"wpcf7-form-control wpcf7-email wpcf7-validates-as-required wpcf7-text wpcf7-validates-as-email\" aria-required=\"true\" aria-invalid=\"false\" value=\"\" type=\"email\" name=\"your-email\" \/><\/span> <\/label>\n<\/p>\n<p><label> Sporo\u010dilo<br \/>\n<span class=\"wpcf7-form-control-wrap\" data-name=\"your-message\"><textarea cols=\"40\" rows=\"10\" maxlength=\"2000\" class=\"wpcf7-form-control wpcf7-textarea\" aria-invalid=\"false\" name=\"your-message\"><\/textarea><\/span> <\/label>\n<\/p>\n<p style=\"padding-bottom: 20px;\">Va\u0161i podatki bodo shranjeni na e-po\u0161tnem stre\u017eniku in bodo uporabljeni izklju\u010dno za namen komunikacije z vami o oddanem povpra\u0161evanju in ne bodo posredovani tretjim osebam brez va\u0161ega izrecnega soglasja.\n<\/p>\n<p><input class=\"wpcf7-form-control wpcf7-submit has-spinner\" type=\"submit\" value=\"Po\u0161lji\" \/>\n<\/p><\/div><div class=\"wpcf7-response-output\" aria-hidden=\"true\"><\/div>\n<\/form>\n<\/div>\n[\/vc_column_text][\/vc_column][\/vc_row][\/vc_section][vc_section full_width=&#8221;stretch_row&#8221; pix_bg_grdient=&#8221;bg-gradient-primary&#8221; fade_in_opacity=&#8221;pix-opacity-1&#8243; pix_over_visibility=&#8221;&#8221; responsive_css=&#8221;{&#8220;pix_res_sm_pt&#8220;:&#8220;20&#8220;,&#8220;pix_res_sm_pb&#8220;:&#8220;20&#8220;,&#8220;pix_res_md_pt&#8220;:&#8220;40&#8220;,&#8220;pix_res_md_pb&#8220;:&#8220;40&#8220;}&#8221; css=&#8221;.vc_custom_1613422101451{padding-top: 0px !important;background-color: #ffffff !important;}&#8221; el_id=&#8221;pix_section_overview&#8221; section_name=&#8221;Overview&#8221; fade_in_intro=&#8221;185&#8243;][vc_row full_width=&#8221;stretch_row&#8221; content_placement=&#8221;middle&#8221; pix_particles_check=&#8221;&#8221; pix_visibility=&#8221;1&#8243; css=&#8221;.vc_custom_1600559430630{padding-top: 40px !important;padding-bottom: 40px !important;}&#8221;][vc_column content_align=&#8221;text-center&#8221;]<div class=\"container\"><div class=\"row justify-content-center\"><div class=\"col bg-white2 rounded-lg2  vc_custom_1634205978205 animate-in w-100 m-32 p-42 pix-py-30 col-sm-auto d-md-flex align-items-center text-center text-sm-left justify-content-between2\" style=\"z-index:11;\" data-anim-delay=\"0\" data-anim-type=\"fade-in-up\"><div class=\"mr-md-5\"><h2 class=\"d-block mr-md-3 mb-md-0 mb-md-0 font-weight-bold text-white font-weight-bold text-white\" style=\"\">Potrebujete ve\u010d informacij?<\/h2><span class=\"d-block mr-md-3 mb-md-0 mb-md-0 pix-mt-10  font-weight-bold text-20 text-light-opacity-7\" style=\"\">Pokli\u010dite nas na +385 (0)1 3907 360 ali nam sledite na dru\u017ebenih omre\u017ejih.<\/span><\/div><div class=\"flex-fill mt-4 mt-sm-0 mt-md-0 text-md-right flex-grow-1\" style=\"min-width:250px;max-width:100%;\"><a  href=\"tel:+38513907360\" class=\"btn mb-0     shadow-lg shadow-hover-lg text-white btn-gray-8 d-inline-block pix-hover-item      btn-rounded animate-in btn-lg\"   data-anim-type=\"fade-in-up\" data-anim-delay=\"0\" ><i class=\"font-weight-bold pixicon-phone  pix-hover-left  mr-1\"><\/i> <span class=\"font-weight-bold \" >Pokli\u010dite nas<\/span><\/a><\/div><\/div><\/div><\/div>[\/vc_column][\/vc_row][\/vc_section]<\/div>","protected":false},"excerpt":{"rendered":"[vc_section full_width=&#8221;stretch_row&#8221; full_height=&#8221;yes&#8221; content_placement=&#8221;middle&#8221; pix_bg_grdient=&#8221;bg-gradient-primary&#8221; fade_in_opacity=&#8221;pix-opacity-1&#8243; pix_over_visibility=&#8221;&#8221; bottom_divider_select=&#8221;8&#8243; b_has_animation=&#8221;true&#8221; b_2_color=&#8221;rgba(255,255,255,0.3)&#8221; b_2_animation=&#8221;fade-in-up&#8221; b_3_color=&#8221;rgba(255,255,255,0.15)&#8221; b_3_animation=&#8221;fade-in-up&#8221; responsive_css=&#8221;{&#8220;pix_res_sm_pt&#8220;:&#8220;60&#8220;,&#8220;pix_res_md_pt&#8220;:&#8220;60&#8220;}&#8221; css=&#8221;.vc_custom_1713258047115{padding-top: 180px !important;}&#8221; fade_in_intro=&#8221;185&#8243; b_2_delay=&#8221;150&#8243; b_3_delay=&#8221;300&#8243;][vc_row full_width=&#8221;stretch_row&#8221; pix_particles_check=&#8221;&#8221;][vc_column][\/vc_column][\/vc_row][vc_row pix_particles_check=&#8221;&#8221; css=&#8221;.vc_custom_1613437372156{padding-top: 30px !important;}&#8221;][vc_column][vc_row_inner equal_height=&#8221;yes&#8221; content_placement=&#8221;middle&#8221;][vc_column_inner width=&#8221;1\/3&#8243;][\/vc_column_inner][vc_column_inner width=&#8221;1\/3&#8243;][\/vc_column_inner][vc_column_inner width=&#8221;1\/3&#8243;][\/vc_column_inner][\/vc_row_inner][\/vc_column][\/vc_row][\/vc_section][vc_section full_width=&#8221;stretch_row&#8221; content_placement=&#8221;middle&#8221; pix_over_visibility=&#8221;&#8221; top_divider_select=&#8221;8&#8243; top_layers=&#8221;1&#8243; responsive_css=&#8221;{&#8220;pix_res_sm_pt&#8220;:&#8220;20&#8220;,&#8220;pix_res_sm_pb&#8220;:&#8220;20&#8220;,&#8220;pix_res_md_pt&#8220;:&#8220;40&#8220;,&#8220;pix_res_md_pb&#8220;:&#8220;40&#8220;}&#8221; css=&#8221;.vc_custom_1613516262109{padding-top: 0px !important;padding-bottom:&#8230;","protected":false},"author":1,"featured_media":0,"parent":0,"menu_order":0,"comment_status":"closed","ping_status":"closed","template":"","meta":{"footnotes":""},"class_list":["post-4135","page","type-page","status-publish","hentry"],"yoast_head":"<!-- This site is optimized with the Yoast SEO plugin v27.3 - https:\/\/yoast.com\/product\/yoast-seo-wordpress\/ -->\n<title>Kontakt - Stentor<\/title>\n<meta name=\"description\" content=\"Naslov pisarne: Ulica grada Vukovara 284, HR-10000 Zagreb, Poslovni centar Almeria, objekt C, 3. kat\" \/>\n<meta name=\"robots\" content=\"index, follow, max-snippet:-1, max-image-preview:large, max-video-preview:-1\" \/>\n<link rel=\"canonical\" href=\"https:\/\/stentor.hr\/sl\/kontakt\/\" \/>\n<meta property=\"og:locale\" content=\"sl_SI\" \/>\n<meta property=\"og:type\" content=\"article\" \/>\n<meta property=\"og:title\" content=\"Kontakt - Stentor\" \/>\n<meta property=\"og:description\" content=\"Naslov pisarne: Ulica grada Vukovara 284, HR-10000 Zagreb, Poslovni centar Almeria, objekt C, 3. kat\" \/>\n<meta property=\"og:url\" content=\"https:\/\/stentor.hr\/sl\/kontakt\/\" \/>\n<meta property=\"og:site_name\" content=\"Stentor\" \/>\n<meta property=\"article:modified_time\" content=\"2024-05-27T08:50:53+00:00\" \/>\n<meta name=\"twitter:card\" content=\"summary_large_image\" \/>\n<meta name=\"twitter:label1\" content=\"Est. reading time\" \/>\n\t<meta name=\"twitter:data1\" content=\"3 minute\" \/>\n<script type=\"application\/ld+json\" class=\"yoast-schema-graph\">{\"@context\":\"https:\\\/\\\/schema.org\",\"@graph\":[{\"@type\":\"WebPage\",\"@id\":\"https:\\\/\\\/stentor.hr\\\/sl\\\/kontakt\\\/\",\"url\":\"https:\\\/\\\/stentor.hr\\\/sl\\\/kontakt\\\/\",\"name\":\"Kontakt - Stentor\",\"isPartOf\":{\"@id\":\"https:\\\/\\\/stentor.hr\\\/#website\"},\"datePublished\":\"2021-02-16T00:36:18+00:00\",\"dateModified\":\"2024-05-27T08:50:53+00:00\",\"description\":\"Naslov pisarne: Ulica grada Vukovara 284, HR-10000 Zagreb, Poslovni centar Almeria, objekt C, 3. kat\",\"breadcrumb\":{\"@id\":\"https:\\\/\\\/stentor.hr\\\/sl\\\/kontakt\\\/#breadcrumb\"},\"inLanguage\":\"sl-SI\",\"potentialAction\":[{\"@type\":\"ReadAction\",\"target\":[\"https:\\\/\\\/stentor.hr\\\/sl\\\/kontakt\\\/\"]}]},{\"@type\":\"BreadcrumbList\",\"@id\":\"https:\\\/\\\/stentor.hr\\\/sl\\\/kontakt\\\/#breadcrumb\",\"itemListElement\":[{\"@type\":\"ListItem\",\"position\":1,\"name\":\"Po\u010detna stranica\",\"item\":\"https:\\\/\\\/stentor.hr\\\/sl\\\/\"},{\"@type\":\"ListItem\",\"position\":2,\"name\":\"Kontakt\"}]},{\"@type\":\"WebSite\",\"@id\":\"https:\\\/\\\/stentor.hr\\\/#website\",\"url\":\"https:\\\/\\\/stentor.hr\\\/\",\"name\":\"Stentor\",\"description\":\"Court interpreters and translators\",\"potentialAction\":[{\"@type\":\"SearchAction\",\"target\":{\"@type\":\"EntryPoint\",\"urlTemplate\":\"https:\\\/\\\/stentor.hr\\\/?s={search_term_string}\"},\"query-input\":{\"@type\":\"PropertyValueSpecification\",\"valueRequired\":true,\"valueName\":\"search_term_string\"}}],\"inLanguage\":\"sl-SI\"}]}<\/script>\n<!-- \/ Yoast SEO plugin. -->","yoast_head_json":{"title":"Kontakt - Stentor","description":"Naslov pisarne: Ulica grada Vukovara 284, HR-10000 Zagreb, Poslovni centar Almeria, objekt C, 3. kat","robots":{"index":"index","follow":"follow","max-snippet":"max-snippet:-1","max-image-preview":"max-image-preview:large","max-video-preview":"max-video-preview:-1"},"canonical":"https:\/\/stentor.hr\/sl\/kontakt\/","og_locale":"sl_SI","og_type":"article","og_title":"Kontakt - Stentor","og_description":"Naslov pisarne: Ulica grada Vukovara 284, HR-10000 Zagreb, Poslovni centar Almeria, objekt C, 3. kat","og_url":"https:\/\/stentor.hr\/sl\/kontakt\/","og_site_name":"Stentor","article_modified_time":"2024-05-27T08:50:53+00:00","twitter_card":"summary_large_image","twitter_misc":{"Est. reading time":"3 minute"},"schema":{"@context":"https:\/\/schema.org","@graph":[{"@type":"WebPage","@id":"https:\/\/stentor.hr\/sl\/kontakt\/","url":"https:\/\/stentor.hr\/sl\/kontakt\/","name":"Kontakt - Stentor","isPartOf":{"@id":"https:\/\/stentor.hr\/#website"},"datePublished":"2021-02-16T00:36:18+00:00","dateModified":"2024-05-27T08:50:53+00:00","description":"Naslov pisarne: Ulica grada Vukovara 284, HR-10000 Zagreb, Poslovni centar Almeria, objekt C, 3. kat","breadcrumb":{"@id":"https:\/\/stentor.hr\/sl\/kontakt\/#breadcrumb"},"inLanguage":"sl-SI","potentialAction":[{"@type":"ReadAction","target":["https:\/\/stentor.hr\/sl\/kontakt\/"]}]},{"@type":"BreadcrumbList","@id":"https:\/\/stentor.hr\/sl\/kontakt\/#breadcrumb","itemListElement":[{"@type":"ListItem","position":1,"name":"Po\u010detna stranica","item":"https:\/\/stentor.hr\/sl\/"},{"@type":"ListItem","position":2,"name":"Kontakt"}]},{"@type":"WebSite","@id":"https:\/\/stentor.hr\/#website","url":"https:\/\/stentor.hr\/","name":"Stentor","description":"Court interpreters and translators","potentialAction":[{"@type":"SearchAction","target":{"@type":"EntryPoint","urlTemplate":"https:\/\/stentor.hr\/?s={search_term_string}"},"query-input":{"@type":"PropertyValueSpecification","valueRequired":true,"valueName":"search_term_string"}}],"inLanguage":"sl-SI"}]}},"_links":{"self":[{"href":"https:\/\/stentor.hr\/sl\/wp-json\/wp\/v2\/pages\/4135","targetHints":{"allow":["GET"]}}],"collection":[{"href":"https:\/\/stentor.hr\/sl\/wp-json\/wp\/v2\/pages"}],"about":[{"href":"https:\/\/stentor.hr\/sl\/wp-json\/wp\/v2\/types\/page"}],"author":[{"embeddable":true,"href":"https:\/\/stentor.hr\/sl\/wp-json\/wp\/v2\/users\/1"}],"replies":[{"embeddable":true,"href":"https:\/\/stentor.hr\/sl\/wp-json\/wp\/v2\/comments?post=4135"}],"version-history":[{"count":4,"href":"https:\/\/stentor.hr\/sl\/wp-json\/wp\/v2\/pages\/4135\/revisions"}],"predecessor-version":[{"id":4228,"href":"https:\/\/stentor.hr\/sl\/wp-json\/wp\/v2\/pages\/4135\/revisions\/4228"}],"wp:attachment":[{"href":"https:\/\/stentor.hr\/sl\/wp-json\/wp\/v2\/media?parent=4135"}],"curies":[{"name":"wp","href":"https:\/\/api.w.org\/{rel}","templated":true}]}}