{"id":4011,"date":"2021-09-16T11:13:53","date_gmt":"2021-09-16T11:13:53","guid":{"rendered":"http:\/\/stentor.hr\/?page_id=4011"},"modified":"2021-09-16T11:14:24","modified_gmt":"2021-09-16T11:14:24","slug":"impressum","status":"publish","type":"page","link":"https:\/\/stentor.hr\/en\/impressum\/","title":{"rendered":"Impressum"},"content":{"rendered":"<div class=\"wpb-content-wrapper\">[vc_row pix_particles_check=&#8221;&#8221;][vc_column][vc_column_text]\r\n<table>\r\n<tbody>\r\n<tr>\r\n<td width=\"285\">Company name:<\/td>\r\n<td width=\"285\">STENTOR dru\u0161tvo s ograni\u010denom odgovorno\u0161\u0107u za usluge<\/td>\r\n<\/tr>\r\n<tr>\r\n<td width=\"285\">Abbreviated company name:<\/td>\r\n<td width=\"285\">STENTOR d.o.o.<\/td>\r\n<\/tr>\r\n<tr>\r\n<td width=\"285\">Company headquarters:<\/td>\r\n<td width=\"285\">Travni\u010dki put 12\r\n\r\nHR \u2013 10 430 Samobor<\/td>\r\n<\/tr>\r\n<tr>\r\n<td width=\"285\">Registered office:<\/td>\r\n<td width=\"285\">Ulica grada Vukovara 284\r\n\r\nHR \u2013 10 000 Zagreb<\/td>\r\n<\/tr>\r\n<tr>\r\n<td width=\"285\">Principal activity:<\/td>\r\n<td width=\"285\">translation and interpretation services, tutoring and publishing<\/td>\r\n<\/tr>\r\n<tr>\r\n<td width=\"285\">Legal form:<\/td>\r\n<td width=\"285\">limited liability company<\/td>\r\n<\/tr>\r\n<tr>\r\n<td width=\"285\">Court of registration:<\/td>\r\n<td width=\"285\">Commercial Court in Zagreb<\/td>\r\n<\/tr>\r\n<tr>\r\n<td width=\"285\">Company Registration Number (MBS):<\/td>\r\n<td width=\"285\">081103769<\/td>\r\n<\/tr>\r\n<tr>\r\n<td width=\"285\">Share capital:<\/td>\r\n<td width=\"285\">HRK 20,000, paid in full<\/td>\r\n<\/tr>\r\n<tr>\r\n<td width=\"285\">Personal Identification Number (OIB):<\/td>\r\n<td width=\"285\">28042507798<\/td>\r\n<\/tr>\r\n<tr>\r\n<td width=\"285\">Management:<\/td>\r\n<td width=\"285\">Spomenka Husar, President of the Board\r\n\r\nMarko Matovi\u0107, Board Member\r\n\r\nKristina \u0160tefek, Board Member<\/td>\r\n<\/tr>\r\n<tr>\r\n<td width=\"285\">Formed in:<\/td>\r\n<td width=\"285\">2017<\/td>\r\n<\/tr>\r\n<tr>\r\n<td width=\"285\">Number of employees:<\/td>\r\n<td width=\"285\">14<\/td>\r\n<\/tr>\r\n<tr>\r\n<td width=\"285\">IBAN:<\/td>\r\n<td width=\"285\">HR9824840081135038944\r\n\r\nRaiffeisenbank Austria d.d., with its registered office in Zagreb<\/td>\r\n<\/tr>\r\n<tr>\r\n<td width=\"285\">Contact:<\/td>\r\n<td width=\"285\">Phone: (01) 3907 278, 3907 360\r\n\r\nFax: (01) 3773 243\r\n\r\nE-mail: info@stentor.hr<\/td>\r\n<\/tr>\r\n<\/tbody>\r\n<\/table>\r\n&nbsp;\r\n\r\nSTENTOR started its business in 2003 as a trade for translating, tutoring and publishing,\r\n\r\n100% privately owned by Spomenka Husar, court interpreter and translator.\r\n\r\nDue to the volume of business and client structure, the management in 2017 adopted the decision on forming the company STENTOR d.o.o., to which all the business activities shall be gradually transferred.\r\n\r\n<strong>\u00a0<\/strong><strong>\u00a0<\/strong>\r\n\r\n<strong>\u00a0<\/strong>\r\n\r\n<strong>STENTOR<\/strong> is a mark registered under number Z20160907 owned by Spomenka Husar for services listed in class 41: translation and interpretation services, adult education services and publishing[\/vc_column_text][vc_empty_space][\/vc_column][\/vc_row]<\/div>","protected":false},"excerpt":{"rendered":"[vc_row pix_particles_check=&#8221;&#8221;][vc_column][vc_column_text] Company name: STENTOR dru\u0161tvo s ograni\u010denom odgovorno\u0161\u0107u za usluge Abbreviated company name: STENTOR d.o.o. Company headquarters: Travni\u010dki put 12 HR \u2013 10 430 Samobor Registered office: Ulica grada Vukovara 284 HR \u2013 10 000 Zagreb Principal activity: translation&#8230;","protected":false},"author":1,"featured_media":0,"parent":0,"menu_order":0,"comment_status":"closed","ping_status":"closed","template":"","meta":{"footnotes":""},"class_list":["post-4011","page","type-page","status-publish","hentry"],"yoast_head":"<!-- This site is optimized with the Yoast SEO plugin v27.3 - https:\/\/yoast.com\/product\/yoast-seo-wordpress\/ -->\n<title>Impressum - Stentor<\/title>\n<meta name=\"robots\" content=\"index, follow, max-snippet:-1, max-image-preview:large, max-video-preview:-1\" \/>\n<link rel=\"canonical\" href=\"https:\/\/stentor.hr\/en\/impressum\/\" \/>\n<meta property=\"og:locale\" content=\"en_US\" \/>\n<meta property=\"og:type\" content=\"article\" \/>\n<meta property=\"og:title\" content=\"Impressum - Stentor\" \/>\n<meta property=\"og:description\" content=\"[vc_row pix_particles_check=&#8221;&#8221;][vc_column][vc_column_text] Company name: STENTOR dru\u0161tvo s ograni\u010denom odgovorno\u0161\u0107u za usluge Abbreviated company name: STENTOR d.o.o. Company headquarters: Travni\u010dki put 12 HR \u2013 10 430 Samobor Registered office: Ulica grada Vukovara 284 HR \u2013 10 000 Zagreb Principal activity: translation...\" \/>\n<meta property=\"og:url\" content=\"https:\/\/stentor.hr\/en\/impressum\/\" \/>\n<meta property=\"og:site_name\" content=\"Stentor\" \/>\n<meta property=\"article:modified_time\" content=\"2021-09-16T11:14:24+00:00\" \/>\n<meta name=\"twitter:card\" content=\"summary_large_image\" \/>\n<meta name=\"twitter:label1\" content=\"Est. reading time\" \/>\n\t<meta name=\"twitter:data1\" content=\"1 minute\" \/>\n<script type=\"application\/ld+json\" class=\"yoast-schema-graph\">{\"@context\":\"https:\\\/\\\/schema.org\",\"@graph\":[{\"@type\":\"WebPage\",\"@id\":\"https:\\\/\\\/stentor.hr\\\/en\\\/impressum\\\/\",\"url\":\"https:\\\/\\\/stentor.hr\\\/en\\\/impressum\\\/\",\"name\":\"Impressum - Stentor\",\"isPartOf\":{\"@id\":\"https:\\\/\\\/stentor.hr\\\/#website\"},\"datePublished\":\"2021-09-16T11:13:53+00:00\",\"dateModified\":\"2021-09-16T11:14:24+00:00\",\"breadcrumb\":{\"@id\":\"https:\\\/\\\/stentor.hr\\\/en\\\/impressum\\\/#breadcrumb\"},\"inLanguage\":\"en-US\",\"potentialAction\":[{\"@type\":\"ReadAction\",\"target\":[\"https:\\\/\\\/stentor.hr\\\/en\\\/impressum\\\/\"]}]},{\"@type\":\"BreadcrumbList\",\"@id\":\"https:\\\/\\\/stentor.hr\\\/en\\\/impressum\\\/#breadcrumb\",\"itemListElement\":[{\"@type\":\"ListItem\",\"position\":1,\"name\":\"Po\u010detna stranica\",\"item\":\"https:\\\/\\\/stentor.hr\\\/\"},{\"@type\":\"ListItem\",\"position\":2,\"name\":\"Impressum\"}]},{\"@type\":\"WebSite\",\"@id\":\"https:\\\/\\\/stentor.hr\\\/#website\",\"url\":\"https:\\\/\\\/stentor.hr\\\/\",\"name\":\"Stentor\",\"description\":\"Court interpreters and translators\",\"potentialAction\":[{\"@type\":\"SearchAction\",\"target\":{\"@type\":\"EntryPoint\",\"urlTemplate\":\"https:\\\/\\\/stentor.hr\\\/?s={search_term_string}\"},\"query-input\":{\"@type\":\"PropertyValueSpecification\",\"valueRequired\":true,\"valueName\":\"search_term_string\"}}],\"inLanguage\":\"en-US\"}]}<\/script>\n<!-- \/ Yoast SEO plugin. -->","yoast_head_json":{"title":"Impressum - Stentor","robots":{"index":"index","follow":"follow","max-snippet":"max-snippet:-1","max-image-preview":"max-image-preview:large","max-video-preview":"max-video-preview:-1"},"canonical":"https:\/\/stentor.hr\/en\/impressum\/","og_locale":"en_US","og_type":"article","og_title":"Impressum - Stentor","og_description":"[vc_row pix_particles_check=&#8221;&#8221;][vc_column][vc_column_text] Company name: STENTOR dru\u0161tvo s ograni\u010denom odgovorno\u0161\u0107u za usluge Abbreviated company name: STENTOR d.o.o. Company headquarters: Travni\u010dki put 12 HR \u2013 10 430 Samobor Registered office: Ulica grada Vukovara 284 HR \u2013 10 000 Zagreb Principal activity: translation...","og_url":"https:\/\/stentor.hr\/en\/impressum\/","og_site_name":"Stentor","article_modified_time":"2021-09-16T11:14:24+00:00","twitter_card":"summary_large_image","twitter_misc":{"Est. reading time":"1 minute"},"schema":{"@context":"https:\/\/schema.org","@graph":[{"@type":"WebPage","@id":"https:\/\/stentor.hr\/en\/impressum\/","url":"https:\/\/stentor.hr\/en\/impressum\/","name":"Impressum - Stentor","isPartOf":{"@id":"https:\/\/stentor.hr\/#website"},"datePublished":"2021-09-16T11:13:53+00:00","dateModified":"2021-09-16T11:14:24+00:00","breadcrumb":{"@id":"https:\/\/stentor.hr\/en\/impressum\/#breadcrumb"},"inLanguage":"en-US","potentialAction":[{"@type":"ReadAction","target":["https:\/\/stentor.hr\/en\/impressum\/"]}]},{"@type":"BreadcrumbList","@id":"https:\/\/stentor.hr\/en\/impressum\/#breadcrumb","itemListElement":[{"@type":"ListItem","position":1,"name":"Po\u010detna stranica","item":"https:\/\/stentor.hr\/"},{"@type":"ListItem","position":2,"name":"Impressum"}]},{"@type":"WebSite","@id":"https:\/\/stentor.hr\/#website","url":"https:\/\/stentor.hr\/","name":"Stentor","description":"Court interpreters and translators","potentialAction":[{"@type":"SearchAction","target":{"@type":"EntryPoint","urlTemplate":"https:\/\/stentor.hr\/?s={search_term_string}"},"query-input":{"@type":"PropertyValueSpecification","valueRequired":true,"valueName":"search_term_string"}}],"inLanguage":"en-US"}]}},"_links":{"self":[{"href":"https:\/\/stentor.hr\/en\/wp-json\/wp\/v2\/pages\/4011","targetHints":{"allow":["GET"]}}],"collection":[{"href":"https:\/\/stentor.hr\/en\/wp-json\/wp\/v2\/pages"}],"about":[{"href":"https:\/\/stentor.hr\/en\/wp-json\/wp\/v2\/types\/page"}],"author":[{"embeddable":true,"href":"https:\/\/stentor.hr\/en\/wp-json\/wp\/v2\/users\/1"}],"replies":[{"embeddable":true,"href":"https:\/\/stentor.hr\/en\/wp-json\/wp\/v2\/comments?post=4011"}],"version-history":[{"count":2,"href":"https:\/\/stentor.hr\/en\/wp-json\/wp\/v2\/pages\/4011\/revisions"}],"predecessor-version":[{"id":4013,"href":"https:\/\/stentor.hr\/en\/wp-json\/wp\/v2\/pages\/4011\/revisions\/4013"}],"wp:attachment":[{"href":"https:\/\/stentor.hr\/en\/wp-json\/wp\/v2\/media?parent=4011"}],"curies":[{"name":"wp","href":"https:\/\/api.w.org\/{rel}","templated":true}]}}